{"id":7632,"date":"2020-04-24T09:19:11","date_gmt":"2020-04-24T09:19:11","guid":{"rendered":"https:\/\/asofuer.com\/?page_id=7632"},"modified":"2026-04-24T10:08:19","modified_gmt":"2026-04-24T10:08:19","slug":"poyectos","status":"publish","type":"page","link":"https:\/\/asofuer.com\/?page_id=7632","title":{"rendered":"Proyectos"},"content":{"rendered":"<p data-start=\"38\" data-end=\"226\">En ASOFUER, la Asociaci\u00f3n de Empresarios Tur\u00edsticos de Fuerteventura, impulsamos proyectos que contribuyen al desarrollo, la promoci\u00f3n y la mejora continua del sector tur\u00edstico de la isla.<\/p>\n<p data-start=\"228\" data-end=\"430\" data-is-last-node=\"\" data-is-only-node=\"\">Nuestras iniciativas nacen del compromiso con las empresas tur\u00edsticas, la calidad del destino y la sostenibilidad, trabajando para fortalecer la competitividad de Fuerteventura como referente tur\u00edstico.<\/p>\n","protected":false},"excerpt":{"rendered":"<p>En ASOFUER, la Asociaci\u00f3n de Empresarios Tur\u00edsticos de Fuerteventura, impulsamos proyectos que contribuyen al desarrollo, la promoci\u00f3n y la mejora continua del sector tur\u00edstico de la isla. Nuestras iniciativas nacen del compromiso con las empresas tur\u00edsticas, la calidad del destino y la sostenibilidad, trabajando para fortalecer la competitividad de Fuerteventura como referente tur\u00edstico.<\/p>\n","protected":false},"author":2,"featured_media":7615,"parent":0,"menu_order":0,"comment_status":"closed","ping_status":"closed","template":"","meta":{"inline_featured_image":false,"footnotes":""},"class_list":["post-7632","page","type-page","status-publish","has-post-thumbnail","hentry"],"yoast_head":"<!-- This site is optimized with the Yoast SEO plugin v27.4 - https:\/\/yoast.com\/product\/yoast-seo-wordpress\/ -->\n<title>Proyectos - ASOFUER<\/title>\n<meta name=\"robots\" content=\"index, follow, max-snippet:-1, max-image-preview:large, max-video-preview:-1\" \/>\n<link rel=\"canonical\" href=\"https:\/\/asofuer.com\/?page_id=7632\" \/>\n<meta property=\"og:locale\" content=\"es_ES\" \/>\n<meta property=\"og:type\" content=\"article\" \/>\n<meta property=\"og:title\" content=\"Proyectos - ASOFUER\" \/>\n<meta property=\"og:description\" content=\"En ASOFUER, la Asociaci\u00f3n de Empresarios Tur\u00edsticos de Fuerteventura, impulsamos proyectos que contribuyen al desarrollo, la promoci\u00f3n y la mejora continua del sector tur\u00edstico de la isla. Nuestras iniciativas nacen del compromiso con las empresas tur\u00edsticas, la calidad del destino y la sostenibilidad, trabajando para fortalecer la competitividad de Fuerteventura como referente tur\u00edstico.\" \/>\n<meta property=\"og:url\" content=\"https:\/\/asofuer.com\/?page_id=7632\" \/>\n<meta property=\"og:site_name\" content=\"ASOFUER\" \/>\n<meta property=\"article:modified_time\" content=\"2026-04-24T10:08:19+00:00\" \/>\n<meta property=\"og:image\" content=\"https:\/\/asofuer.com\/wp-content\/uploads\/2026\/04\/Asociacion-de-Empresarios-Turisticos-de-Fuerteventura-dark.jpg\" \/>\n\t<meta property=\"og:image:width\" content=\"1050\" \/>\n\t<meta property=\"og:image:height\" content=\"600\" \/>\n\t<meta property=\"og:image:type\" content=\"image\/jpeg\" \/>\n<meta name=\"twitter:card\" content=\"summary_large_image\" \/>\n<meta name=\"twitter:label1\" content=\"Tiempo de lectura\" \/>\n\t<meta name=\"twitter:data1\" content=\"1 minuto\" \/>\n<script type=\"application\/ld+json\" class=\"yoast-schema-graph\">{\"@context\":\"https:\\\/\\\/schema.org\",\"@graph\":[{\"@type\":\"WebPage\",\"@id\":\"https:\\\/\\\/asofuer.com\\\/?page_id=7632\",\"url\":\"https:\\\/\\\/asofuer.com\\\/?page_id=7632\",\"name\":\"Proyectos - ASOFUER\",\"isPartOf\":{\"@id\":\"https:\\\/\\\/asofuer.com\\\/#website\"},\"primaryImageOfPage\":{\"@id\":\"https:\\\/\\\/asofuer.com\\\/?page_id=7632#primaryimage\"},\"image\":{\"@id\":\"https:\\\/\\\/asofuer.com\\\/?page_id=7632#primaryimage\"},\"thumbnailUrl\":\"https:\\\/\\\/asofuer.com\\\/wp-content\\\/uploads\\\/2026\\\/04\\\/Asociacion-de-Empresarios-Turisticos-de-Fuerteventura-dark.jpg\",\"datePublished\":\"2020-04-24T09:19:11+00:00\",\"dateModified\":\"2026-04-24T10:08:19+00:00\",\"breadcrumb\":{\"@id\":\"https:\\\/\\\/asofuer.com\\\/?page_id=7632#breadcrumb\"},\"inLanguage\":\"es\",\"potentialAction\":[{\"@type\":\"ReadAction\",\"target\":[\"https:\\\/\\\/asofuer.com\\\/?page_id=7632\"]}]},{\"@type\":\"ImageObject\",\"inLanguage\":\"es\",\"@id\":\"https:\\\/\\\/asofuer.com\\\/?page_id=7632#primaryimage\",\"url\":\"https:\\\/\\\/asofuer.com\\\/wp-content\\\/uploads\\\/2026\\\/04\\\/Asociacion-de-Empresarios-Turisticos-de-Fuerteventura-dark.jpg\",\"contentUrl\":\"https:\\\/\\\/asofuer.com\\\/wp-content\\\/uploads\\\/2026\\\/04\\\/Asociacion-de-Empresarios-Turisticos-de-Fuerteventura-dark.jpg\",\"width\":1050,\"height\":600,\"caption\":\"xr:d:DAFlJniT3L8:8,j:3342078953982012039,t:23110309\"},{\"@type\":\"BreadcrumbList\",\"@id\":\"https:\\\/\\\/asofuer.com\\\/?page_id=7632#breadcrumb\",\"itemListElement\":[{\"@type\":\"ListItem\",\"position\":1,\"name\":\"Portada\",\"item\":\"https:\\\/\\\/asofuer.com\\\/\"},{\"@type\":\"ListItem\",\"position\":2,\"name\":\"Proyectos\"}]},{\"@type\":\"WebSite\",\"@id\":\"https:\\\/\\\/asofuer.com\\\/#website\",\"url\":\"https:\\\/\\\/asofuer.com\\\/\",\"name\":\"ASOFUER\",\"description\":\"Asociaci\u00f3n de Empresarias y Empresarios Tur\u00edsticos de Fuerteventura\",\"potentialAction\":[{\"@type\":\"SearchAction\",\"target\":{\"@type\":\"EntryPoint\",\"urlTemplate\":\"https:\\\/\\\/asofuer.com\\\/?s={search_term_string}\"},\"query-input\":{\"@type\":\"PropertyValueSpecification\",\"valueRequired\":true,\"valueName\":\"search_term_string\"}}],\"inLanguage\":\"es\"}]}<\/script>\n<!-- \/ Yoast SEO plugin. -->","yoast_head_json":{"title":"Proyectos - ASOFUER","robots":{"index":"index","follow":"follow","max-snippet":"max-snippet:-1","max-image-preview":"max-image-preview:large","max-video-preview":"max-video-preview:-1"},"canonical":"https:\/\/asofuer.com\/?page_id=7632","og_locale":"es_ES","og_type":"article","og_title":"Proyectos - ASOFUER","og_description":"En ASOFUER, la Asociaci\u00f3n de Empresarios Tur\u00edsticos de Fuerteventura, impulsamos proyectos que contribuyen al desarrollo, la promoci\u00f3n y la mejora continua del sector tur\u00edstico de la isla. Nuestras iniciativas nacen del compromiso con las empresas tur\u00edsticas, la calidad del destino y la sostenibilidad, trabajando para fortalecer la competitividad de Fuerteventura como referente tur\u00edstico.","og_url":"https:\/\/asofuer.com\/?page_id=7632","og_site_name":"ASOFUER","article_modified_time":"2026-04-24T10:08:19+00:00","og_image":[{"width":1050,"height":600,"url":"https:\/\/asofuer.com\/wp-content\/uploads\/2026\/04\/Asociacion-de-Empresarios-Turisticos-de-Fuerteventura-dark.jpg","type":"image\/jpeg"}],"twitter_card":"summary_large_image","twitter_misc":{"Tiempo de lectura":"1 minuto"},"schema":{"@context":"https:\/\/schema.org","@graph":[{"@type":"WebPage","@id":"https:\/\/asofuer.com\/?page_id=7632","url":"https:\/\/asofuer.com\/?page_id=7632","name":"Proyectos - ASOFUER","isPartOf":{"@id":"https:\/\/asofuer.com\/#website"},"primaryImageOfPage":{"@id":"https:\/\/asofuer.com\/?page_id=7632#primaryimage"},"image":{"@id":"https:\/\/asofuer.com\/?page_id=7632#primaryimage"},"thumbnailUrl":"https:\/\/asofuer.com\/wp-content\/uploads\/2026\/04\/Asociacion-de-Empresarios-Turisticos-de-Fuerteventura-dark.jpg","datePublished":"2020-04-24T09:19:11+00:00","dateModified":"2026-04-24T10:08:19+00:00","breadcrumb":{"@id":"https:\/\/asofuer.com\/?page_id=7632#breadcrumb"},"inLanguage":"es","potentialAction":[{"@type":"ReadAction","target":["https:\/\/asofuer.com\/?page_id=7632"]}]},{"@type":"ImageObject","inLanguage":"es","@id":"https:\/\/asofuer.com\/?page_id=7632#primaryimage","url":"https:\/\/asofuer.com\/wp-content\/uploads\/2026\/04\/Asociacion-de-Empresarios-Turisticos-de-Fuerteventura-dark.jpg","contentUrl":"https:\/\/asofuer.com\/wp-content\/uploads\/2026\/04\/Asociacion-de-Empresarios-Turisticos-de-Fuerteventura-dark.jpg","width":1050,"height":600,"caption":"xr:d:DAFlJniT3L8:8,j:3342078953982012039,t:23110309"},{"@type":"BreadcrumbList","@id":"https:\/\/asofuer.com\/?page_id=7632#breadcrumb","itemListElement":[{"@type":"ListItem","position":1,"name":"Portada","item":"https:\/\/asofuer.com\/"},{"@type":"ListItem","position":2,"name":"Proyectos"}]},{"@type":"WebSite","@id":"https:\/\/asofuer.com\/#website","url":"https:\/\/asofuer.com\/","name":"ASOFUER","description":"Asociaci\u00f3n de Empresarias y Empresarios Tur\u00edsticos de Fuerteventura","potentialAction":[{"@type":"SearchAction","target":{"@type":"EntryPoint","urlTemplate":"https:\/\/asofuer.com\/?s={search_term_string}"},"query-input":{"@type":"PropertyValueSpecification","valueRequired":true,"valueName":"search_term_string"}}],"inLanguage":"es"}]}},"jetpack_sharing_enabled":true,"_links":{"self":[{"href":"https:\/\/asofuer.com\/index.php?rest_route=\/wp\/v2\/pages\/7632","targetHints":{"allow":["GET"]}}],"collection":[{"href":"https:\/\/asofuer.com\/index.php?rest_route=\/wp\/v2\/pages"}],"about":[{"href":"https:\/\/asofuer.com\/index.php?rest_route=\/wp\/v2\/types\/page"}],"author":[{"embeddable":true,"href":"https:\/\/asofuer.com\/index.php?rest_route=\/wp\/v2\/users\/2"}],"replies":[{"embeddable":true,"href":"https:\/\/asofuer.com\/index.php?rest_route=%2Fwp%2Fv2%2Fcomments&post=7632"}],"version-history":[{"count":2,"href":"https:\/\/asofuer.com\/index.php?rest_route=\/wp\/v2\/pages\/7632\/revisions"}],"predecessor-version":[{"id":7634,"href":"https:\/\/asofuer.com\/index.php?rest_route=\/wp\/v2\/pages\/7632\/revisions\/7634"}],"wp:featuredmedia":[{"embeddable":true,"href":"https:\/\/asofuer.com\/index.php?rest_route=\/wp\/v2\/media\/7615"}],"wp:attachment":[{"href":"https:\/\/asofuer.com\/index.php?rest_route=%2Fwp%2Fv2%2Fmedia&parent=7632"}],"curies":[{"name":"wp","href":"https:\/\/api.w.org\/{rel}","templated":true}]}}