{"id":118,"date":"2020-05-07T10:53:06","date_gmt":"2020-05-07T10:53:06","guid":{"rendered":"https:\/\/cariera.co\/new\/?page_id=118"},"modified":"2023-01-09T13:26:28","modified_gmt":"2023-01-09T13:26:28","slug":"enviar-curriculum","status":"publish","type":"page","link":"https:\/\/asofuer.com\/?page_id=118","title":{"rendered":"Enviar Curr\u00edculum"},"content":{"rendered":"<form action=\"\/index.php?rest_route=wpv2pages118\" method=\"post\" id=\"submit-resume-form\" class=\"job-manager-form\" enctype=\"multipart\/form-data\" >\n\n\t<input type=\"hidden\" id=\"_wpjm_nonce\" name=\"_wpjm_nonce\" value=\"26e5f9ee6f\" \/><input type=\"hidden\" name=\"_wp_http_referer\" value=\"\/index.php?rest_route=%2Fwp%2Fv2%2Fpages%2F118\" \/>\n\t\n\t\t\n\t<fieldset>\n\t\t<label class=\"account-sign-in-label\">Have an account?<\/label>\n\n\t\t<div class=\"field account-sign-in\">\n\t\t\t\t\t\t\t<p>\n\t\t\t\t\tIf you don&rsquo;t have an account you can create one below by entering your email address. Your account details will be confirmed via email.\t\t\t\t<\/p>\n\t\t\t\n\t\t\t<div class=\"button-wrapper\">\n\t\t\t\t\t\t\t\t\t<a href=\"#login-register-popup\" class=\"popup-with-zoom-anim btn btn-main btn-effect\">\n\t\t\t\t\t\n\t\t\t\tIniciar sesi\u00f3n<\/a>\n\t\t\t<\/div>\n\t\t<\/div>\n\t<\/fieldset>\n\n\t\n\t\n\t\n\t\t<!-- Resume Fields -->\n\t\t<div class=\"submit-listing-box submit_resume-info\"><h2 class=\"title\">Candidate Details<\/h2><div class=\"form-fields\">\n\t\t\t\t\t<fieldset class=\"fieldset-candidate_name\">\n\t\t\t\t<label for=\"candidate_name\">Tu nombre<\/label>\n\t\t\t\t<div class=\"field\">\n\t\t\t\t\t<input type=\"text\" class=\"input-text\" name=\"candidate_name\" id=\"candidate_name\" placeholder=\"Tu nombre completo\" value=\"\" maxlength=\"\" required \/>\n\t\t\t\t<\/div>\n\t\t\t<\/fieldset>\n\t\t\t\t\t<fieldset class=\"fieldset-candidate_email\">\n\t\t\t\t<label for=\"candidate_email\">Tu correo electr\u00f3nico<\/label>\n\t\t\t\t<div class=\"field\">\n\t\t\t\t\t<input type=\"text\" class=\"input-text\" name=\"candidate_email\" id=\"candidate_email\" placeholder=\"tu@tudominio.com\" value=\"\" maxlength=\"\" required \/>\n\t\t\t\t<\/div>\n\t\t\t<\/fieldset>\n\t\t\t\t\t<fieldset class=\"fieldset-candidate_title\">\n\t\t\t\t<label for=\"candidate_title\">T\u00edtulo profesional<\/label>\n\t\t\t\t<div class=\"field\">\n\t\t\t\t\t<input type=\"text\" class=\"input-text\" name=\"candidate_title\" id=\"candidate_title\" placeholder=\"Por ejemplo, &quot;desarrollador web&quot;\" value=\"\" maxlength=\"\" required \/>\n\t\t\t\t<\/div>\n\t\t\t<\/fieldset>\n\t\t\t\t\t<fieldset class=\"fieldset-candidate_location\">\n\t\t\t\t<label for=\"candidate_location\">Ubicaci\u00f3n<\/label>\n\t\t\t\t<div class=\"field\">\n\t\t\t\t\t<input type=\"text\" class=\"input-text\" name=\"candidate_location\" id=\"candidate_location\" placeholder=\"Por ejemplo, &quot;Londres, Reino Unido&quot;, &quot;Nueva York&quot;, &quot;Houston, Texas&quot;\" value=\"\" maxlength=\"\" required \/>\n\t\t\t\t<\/div>\n\t\t\t<\/fieldset>\n\t\t\t\t\t<fieldset class=\"fieldset-candidate_video\">\n\t\t\t\t<label for=\"candidate_video\">V\u00eddeo <small>(opcional)<\/small><\/label>\n\t\t\t\t<div class=\"field\">\n\t\t\t\t\t<input type=\"text\" class=\"input-text\" name=\"candidate_video\" id=\"candidate_video\" placeholder=\"Un enlace a un v\u00eddeo sobre ti\" value=\"\" maxlength=\"\"  \/>\n\t\t\t\t<\/div>\n\t\t\t<\/fieldset>\n\t\t\t\t\t<fieldset class=\"fieldset-resume_category\">\n\t\t\t\t<label for=\"resume_category\">Categor\u00eda del curr\u00edculum<\/label>\n\t\t\t\t<div class=\"field\">\n\t\t\t\t\t<select name='resume_category[]' id='resume_category' class='job-manager-category-dropdown ' multiple='multiple' data-placeholder='Elige una categor\u00eda&hellip;' data-no_results_text='No se han encontrado resultados' data-multiple_text='Elige alguna opci\u00f3n'>\n<\/select>\n\t\t\t\t<\/div>\n\t\t\t<\/fieldset>\n\t\t\t\t\t<fieldset class=\"fieldset-resume_content\">\n\t\t\t\t<label for=\"resume_content\">Contenido del curr\u00edculum<\/label>\n\t\t\t\t<div class=\"field\">\n\t\t\t\t\t<div id=\"wp-resume_content-wrap\" class=\"wp-core-ui wp-editor-wrap tmce-active\"><link rel='stylesheet' id='dashicons-css' href='https:\/\/asofuer.com\/wp-includes\/css\/dashicons.min.css?ver=336c748d51eb801cd41aab93e0ad36e3' type='text\/css' media='all' \/>\n<link rel='stylesheet' id='editor-buttons-css' href='https:\/\/asofuer.com\/wp-includes\/css\/editor.min.css?ver=336c748d51eb801cd41aab93e0ad36e3' type='text\/css' media='all' \/>\n<style> .mce-top-part button { background-color: rgba(0,0,0,0.0) !important; } <\/style>\n<div id=\"wp-resume_content-editor-container\" class=\"wp-editor-container\"><textarea class=\"wp-editor-area\" rows=\"8\" autocomplete=\"off\" cols=\"40\" name=\"resume_content\" id=\"resume_content\"><\/textarea><\/div>\n<\/div>\n\n\t\t\t\t<\/div>\n\t\t\t<\/fieldset>\n\t\t\t\t\t<fieldset class=\"fieldset-resume_skills\">\n\t\t\t\t<label for=\"resume_skills\">Habilidades <small>(opcional)<\/small><\/label>\n\t\t\t\t<div class=\"field\">\n\t\t\t\t\t<input type=\"text\" class=\"input-text\" name=\"resume_skills\" id=\"resume_skills\" placeholder=\"Una lista separada por comas de habilidades pertinentes\" value=\"\" maxlength=\"\"  \/>\n\t\t\t\t<\/div>\n\t\t\t<\/fieldset>\n\t\t\t\t\t<fieldset class=\"fieldset-candidate_rate\">\n\t\t\t\t<label for=\"candidate_rate\">Rate per Hour <small>(opcional)<\/small><\/label>\n\t\t\t\t<div class=\"field\">\n\t\t\t\t\t<input type=\"text\" class=\"input-text\" name=\"candidate_rate\" id=\"candidate_rate\" placeholder=\"e.g. 20\" value=\"\" maxlength=\"\"  \/>\n\t\t\t\t<\/div>\n\t\t\t<\/fieldset>\n\t\t\t\t\t<fieldset class=\"fieldset-candidate_education_level\">\n\t\t\t\t<label for=\"candidate_education_level\">Education Level <small>(opcional)<\/small><\/label>\n\t\t\t\t<div class=\"field\">\n\t\t\t\t\t<select  name='candidate_education_level' id='candidate_education_level' class='cariera-select2'>\n\t<option value='' selected='selected'>Choose your education level<\/option>\n\t<option class=\"level-0\" value=\"200\">Bachillerato<\/option>\n\t<option class=\"level-0\" value=\"52\">Diplomatura<\/option>\n\t<option class=\"level-0\" value=\"78\">Doctorado<\/option>\n\t<option class=\"level-0\" value=\"202\">Formaci\u00f3n Profesional (FP)<\/option>\n\t<option class=\"level-0\" value=\"54\">Licenciatura<\/option>\n\t<option class=\"level-0\" value=\"119\">M\u00e1ster<\/option>\n\t<option class=\"level-0\" value=\"201\">Primaria<\/option>\n\t<option class=\"level-0\" value=\"98\">Secundaria<\/option>\n<\/select>\n\t\t\t\t<\/div>\n\t\t\t<\/fieldset>\n\t\t\t\t\t<fieldset class=\"fieldset-candidate_experience_years\">\n\t\t\t\t<label for=\"candidate_experience_years\">Experience <small>(opcional)<\/small><\/label>\n\t\t\t\t<div class=\"field\">\n\t\t\t\t\t<select  name='candidate_experience_years' id='candidate_experience_years' class='cariera-select2'>\n\t<option value='' selected='selected'>Choose your experience<\/option>\n\t<option class=\"level-0\" value=\"33\">A: 10+ a\u00f1os<\/option>\n\t<option class=\"level-0\" value=\"42\">B: 6-9 a\u00f1os<\/option>\n\t<option class=\"level-0\" value=\"40\">C: 3-5 a\u00f1os<\/option>\n\t<option class=\"level-0\" value=\"31\">D: 1-2 a\u00f1os<\/option>\n<\/select>\n\t\t\t\t<\/div>\n\t\t\t<\/fieldset>\n\t\t\t\t\t<fieldset class=\"fieldset-candidate_languages\">\n\t\t\t\t<label for=\"candidate_languages\">Languages <small>(opcional)<\/small><\/label>\n\t\t\t\t<div class=\"field\">\n\t\t\t\t\t<input type=\"text\" class=\"input-text\" name=\"candidate_languages\" id=\"candidate_languages\" placeholder=\"English, German, Chinese\" value=\"\" maxlength=\"\"  \/>\n\t\t\t\t<\/div>\n\t\t\t<\/fieldset>\n\t\t\t\t\t<fieldset class=\"fieldset-candidate_facebook\">\n\t\t\t\t<label for=\"candidate_facebook\">Facebook <small>(opcional)<\/small><\/label>\n\t\t\t\t<div class=\"field\">\n\t\t\t\t\t<input type=\"text\" class=\"input-text\" name=\"candidate_facebook\" id=\"candidate_facebook\" placeholder=\"Your Facebook page link\" value=\"\" maxlength=\"\"  \/>\n\t\t\t\t<\/div>\n\t\t\t<\/fieldset>\n\t\t\t\t\t<fieldset class=\"fieldset-candidate_twitter\">\n\t\t\t\t<label for=\"candidate_twitter\">Twitter <small>(opcional)<\/small><\/label>\n\t\t\t\t<div class=\"field\">\n\t\t\t\t\t<input type=\"text\" class=\"input-text\" name=\"candidate_twitter\" id=\"candidate_twitter\" placeholder=\"Your Twitter page link\" value=\"\" maxlength=\"\"  \/>\n\t\t\t\t<\/div>\n\t\t\t<\/fieldset>\n\t\t\t\t\t<fieldset class=\"fieldset-candidate_linkedin\">\n\t\t\t\t<label for=\"candidate_linkedin\">LinkedIn <small>(opcional)<\/small><\/label>\n\t\t\t\t<div class=\"field\">\n\t\t\t\t\t<input type=\"text\" class=\"input-text\" name=\"candidate_linkedin\" id=\"candidate_linkedin\" placeholder=\"Your LinkedIn page link\" value=\"\" maxlength=\"\"  \/>\n\t\t\t\t<\/div>\n\t\t\t<\/fieldset>\n\t\t\t\t\t<fieldset class=\"fieldset-candidate_instagram\">\n\t\t\t\t<label for=\"candidate_instagram\">Instagram <small>(opcional)<\/small><\/label>\n\t\t\t\t<div class=\"field\">\n\t\t\t\t\t<input type=\"text\" class=\"input-text\" name=\"candidate_instagram\" id=\"candidate_instagram\" placeholder=\"Your Instagram page link\" value=\"\" maxlength=\"\"  \/>\n\t\t\t\t<\/div>\n\t\t\t<\/fieldset>\n\t\t\t\t\t<fieldset class=\"fieldset-candidate_youtube\">\n\t\t\t\t<label for=\"candidate_youtube\">Youtube <small>(opcional)<\/small><\/label>\n\t\t\t\t<div class=\"field\">\n\t\t\t\t\t<input type=\"text\" class=\"input-text\" name=\"candidate_youtube\" id=\"candidate_youtube\" placeholder=\"Your Youtube page link\" value=\"\" maxlength=\"\"  \/>\n\t\t\t\t<\/div>\n\t\t\t<\/fieldset>\n\t\t\t\t\t<fieldset class=\"fieldset-candidate_portfolio\">\n\t\t\t\t<label for=\"candidate_portfolio\">Gallery <small>(opcional)<\/small><\/label>\n\t\t\t\t<div class=\"field\">\n\t\t\t\t\t\n\n<div class=\"cariera-file-upload-field\">\n\t<input\n\t\ttype=\"file\"\n\t\tclass=\"input-text\"\n\t\tdata-file_types=\"jpg|jpeg|gif|png\"\n\t\t\t\tmultiple\t\t\t\t\t\tname=\"candidate_portfolio[]\"\n\t\tid=\"candidate_portfolio\"\n\t\tplaceholder=\"\"\n\t\/>\n\n\t<label class=\"upload-file\" for=\"candidate_portfolio\">\n\t\t<i class=\"las la-file-upload\"><\/i>\n\t\t<div class=\"upload-content\">Subir<\/div>\n\t<\/label>\n\n\t<div class=\"job-manager-uploaded-files\">\n\t\t\t<\/div>\n<\/div>\n\n<small class=\"description\">\n\t\t\tAdd images that will be shown in the Candidate&#039;s portfolio.\t<\/small>\t\t\t\t<\/div>\n\t\t\t<\/fieldset>\n\t\t\t\t\t<fieldset class=\"fieldset-links\">\n\t\t\t\t<label for=\"links\">URL <small>(opcional)<\/small><\/label>\n\t\t\t\t<div class=\"field\">\n\t\t\t\t\t\n<a href=\"#\" class=\"resume-manager-add-row btn btn-main btn-effect\" data-row=\"\t\t&lt;div class=&quot;resume-manager-data-row&quot;&gt;\n\t\t\t&lt;input type=&quot;hidden&quot; class=&quot;repeated-row-index&quot; name=&quot;repeated-row-links[]&quot; value=&quot;%%repeated-row-index%%&quot; \/&gt;\n\t\t\t&lt;a href=&quot;#&quot; class=&quot;resume-manager-remove-row&quot;&gt;Remove&lt;\/a&gt;\n\t\t\t\t\t\t\t&lt;fieldset class=&quot;fieldset-name&quot;&gt;\n\t\t\t\t\t&lt;label for=&quot;name&quot;&gt;Nombre&lt;\/label&gt;\n\t\t\t\t\t&lt;div class=&quot;field&quot;&gt;\n\t\t\t\t\t\t&lt;input type=&quot;text&quot; class=&quot;input-text&quot; name=&quot;links_name_%%repeated-row-index%%&quot; id=&quot;name&quot; placeholder=&quot;&quot; value=&quot;&quot; maxlength=&quot;&quot; required \/&gt;\n\t\t\t\t\t&lt;\/div&gt;\n\t\t\t\t&lt;\/fieldset&gt;\n\t\t\t\t\t\t\t&lt;fieldset class=&quot;fieldset-url&quot;&gt;\n\t\t\t\t\t&lt;label for=&quot;url&quot;&gt;URL&lt;\/label&gt;\n\t\t\t\t\t&lt;div class=&quot;field&quot;&gt;\n\t\t\t\t\t\t&lt;input type=&quot;text&quot; class=&quot;input-text&quot; name=&quot;links_url_%%repeated-row-index%%&quot; id=&quot;url&quot; placeholder=&quot;&quot; value=&quot;&quot; maxlength=&quot;&quot; required \/&gt;\n\t\t\t\t\t&lt;\/div&gt;\n\t\t\t\t&lt;\/fieldset&gt;\n\t\t\t\t\t&lt;\/div&gt;\n\t\">+ A\u00f1adir URL<\/a>\n<small class=\"description\">Puedes incluir enlaces a cualquiera de tus sitios web o perfiles de redes sociales.<\/small>\t\t\t\t<\/div>\n\t\t\t<\/fieldset>\n\t\t\t\t\t<fieldset class=\"fieldset-candidate_education\">\n\t\t\t\t<label for=\"candidate_education\">Educaci\u00f3n <small>(opcional)<\/small><\/label>\n\t\t\t\t<div class=\"field\">\n\t\t\t\t\t\n<a href=\"#\" class=\"resume-manager-add-row btn btn-main btn-effect\" data-row=\"\t\t&lt;div class=&quot;resume-manager-data-row&quot;&gt;\n\t\t\t&lt;input type=&quot;hidden&quot; class=&quot;repeated-row-index&quot; name=&quot;repeated-row-candidate_education[]&quot; value=&quot;%%repeated-row-index%%&quot; \/&gt;\n\t\t\t&lt;a href=&quot;#&quot; class=&quot;resume-manager-remove-row&quot;&gt;Remove&lt;\/a&gt;\n\t\t\t\t\t\t\t&lt;fieldset class=&quot;fieldset-location&quot;&gt;\n\t\t\t\t\t&lt;label for=&quot;location&quot;&gt;Instituci\u00f3n&lt;\/label&gt;\n\t\t\t\t\t&lt;div class=&quot;field&quot;&gt;\n\t\t\t\t\t\t&lt;input type=&quot;text&quot; class=&quot;input-text&quot; name=&quot;candidate_education_location_%%repeated-row-index%%&quot; id=&quot;location&quot; placeholder=&quot;&quot; value=&quot;&quot; maxlength=&quot;&quot; required \/&gt;\n\t\t\t\t\t&lt;\/div&gt;\n\t\t\t\t&lt;\/fieldset&gt;\n\t\t\t\t\t\t\t&lt;fieldset class=&quot;fieldset-qualification&quot;&gt;\n\t\t\t\t\t&lt;label for=&quot;qualification&quot;&gt;Certificaciones&lt;\/label&gt;\n\t\t\t\t\t&lt;div class=&quot;field&quot;&gt;\n\t\t\t\t\t\t&lt;input type=&quot;text&quot; class=&quot;input-text&quot; name=&quot;candidate_education_qualification_%%repeated-row-index%%&quot; id=&quot;qualification&quot; placeholder=&quot;&quot; value=&quot;&quot; maxlength=&quot;&quot; required \/&gt;\n\t\t\t\t\t&lt;\/div&gt;\n\t\t\t\t&lt;\/fieldset&gt;\n\t\t\t\t\t\t\t&lt;fieldset class=&quot;fieldset-date&quot;&gt;\n\t\t\t\t\t&lt;label for=&quot;date&quot;&gt;Fecha de inicio\/finalizaci\u00f3n&lt;\/label&gt;\n\t\t\t\t\t&lt;div class=&quot;field&quot;&gt;\n\t\t\t\t\t\t&lt;input type=&quot;text&quot; class=&quot;input-text&quot; name=&quot;candidate_education_date_%%repeated-row-index%%&quot; id=&quot;date&quot; placeholder=&quot;&quot; value=&quot;&quot; maxlength=&quot;&quot; required \/&gt;\n\t\t\t\t\t&lt;\/div&gt;\n\t\t\t\t&lt;\/fieldset&gt;\n\t\t\t\t\t\t\t&lt;fieldset class=&quot;fieldset-notes&quot;&gt;\n\t\t\t\t\t&lt;label for=&quot;notes&quot;&gt;Notas &lt;small&gt;(opcional)&lt;\/small&gt;&lt;\/label&gt;\n\t\t\t\t\t&lt;div class=&quot;field&quot;&gt;\n\t\t\t\t\t\t&lt;textarea cols=&quot;20&quot; rows=&quot;3&quot; class=&quot;input-text&quot; name=&quot;candidate_education_notes_%%repeated-row-index%%&quot; id=&quot;notes&quot; placeholder=&quot;&quot; maxlength=&quot;&quot; &gt;&lt;\/textarea&gt;\n\t\t\t\t\t&lt;\/div&gt;\n\t\t\t\t&lt;\/fieldset&gt;\n\t\t\t\t\t&lt;\/div&gt;\n\t\">+ A\u00f1adir educaci\u00f3n<\/a>\n\t\t\t\t<\/div>\n\t\t\t<\/fieldset>\n\t\t\t\t\t<fieldset class=\"fieldset-candidate_experience\">\n\t\t\t\t<label for=\"candidate_experience\">Experiencia <small>(opcional)<\/small><\/label>\n\t\t\t\t<div class=\"field\">\n\t\t\t\t\t\n<a href=\"#\" class=\"resume-manager-add-row btn btn-main btn-effect\" data-row=\"\t\t&lt;div class=&quot;resume-manager-data-row&quot;&gt;\n\t\t\t&lt;input type=&quot;hidden&quot; class=&quot;repeated-row-index&quot; name=&quot;repeated-row-candidate_experience[]&quot; value=&quot;%%repeated-row-index%%&quot; \/&gt;\n\t\t\t&lt;a href=&quot;#&quot; class=&quot;resume-manager-remove-row&quot;&gt;Remove&lt;\/a&gt;\n\t\t\t\t\t\t\t&lt;fieldset class=&quot;fieldset-employer&quot;&gt;\n\t\t\t\t\t&lt;label for=&quot;employer&quot;&gt;Empleador&lt;\/label&gt;\n\t\t\t\t\t&lt;div class=&quot;field&quot;&gt;\n\t\t\t\t\t\t&lt;input type=&quot;text&quot; class=&quot;input-text&quot; name=&quot;candidate_experience_employer_%%repeated-row-index%%&quot; id=&quot;employer&quot; placeholder=&quot;&quot; value=&quot;&quot; maxlength=&quot;&quot; required \/&gt;\n\t\t\t\t\t&lt;\/div&gt;\n\t\t\t\t&lt;\/fieldset&gt;\n\t\t\t\t\t\t\t&lt;fieldset class=&quot;fieldset-job_title&quot;&gt;\n\t\t\t\t\t&lt;label for=&quot;job_title&quot;&gt;Puesto de trabajo&lt;\/label&gt;\n\t\t\t\t\t&lt;div class=&quot;field&quot;&gt;\n\t\t\t\t\t\t&lt;input type=&quot;text&quot; class=&quot;input-text&quot; name=&quot;candidate_experience_job_title_%%repeated-row-index%%&quot; id=&quot;job_title&quot; placeholder=&quot;&quot; value=&quot;&quot; maxlength=&quot;&quot; required \/&gt;\n\t\t\t\t\t&lt;\/div&gt;\n\t\t\t\t&lt;\/fieldset&gt;\n\t\t\t\t\t\t\t&lt;fieldset class=&quot;fieldset-date&quot;&gt;\n\t\t\t\t\t&lt;label for=&quot;date&quot;&gt;Fecha de inicio\/finalizaci\u00f3n&lt;\/label&gt;\n\t\t\t\t\t&lt;div class=&quot;field&quot;&gt;\n\t\t\t\t\t\t&lt;input type=&quot;text&quot; class=&quot;input-text&quot; name=&quot;candidate_experience_date_%%repeated-row-index%%&quot; id=&quot;date&quot; placeholder=&quot;&quot; value=&quot;&quot; maxlength=&quot;&quot; required \/&gt;\n\t\t\t\t\t&lt;\/div&gt;\n\t\t\t\t&lt;\/fieldset&gt;\n\t\t\t\t\t\t\t&lt;fieldset class=&quot;fieldset-notes&quot;&gt;\n\t\t\t\t\t&lt;label for=&quot;notes&quot;&gt;Notas &lt;small&gt;(opcional)&lt;\/small&gt;&lt;\/label&gt;\n\t\t\t\t\t&lt;div class=&quot;field&quot;&gt;\n\t\t\t\t\t\t&lt;textarea cols=&quot;20&quot; rows=&quot;3&quot; class=&quot;input-text&quot; name=&quot;candidate_experience_notes_%%repeated-row-index%%&quot; id=&quot;notes&quot; placeholder=&quot;&quot; maxlength=&quot;&quot; &gt;&lt;\/textarea&gt;\n\t\t\t\t\t&lt;\/div&gt;\n\t\t\t\t&lt;\/fieldset&gt;\n\t\t\t\t\t&lt;\/div&gt;\n\t\">+ A\u00f1adir experiencia<\/a>\n\t\t\t\t<\/div>\n\t\t\t<\/fieldset>\n\t\t\t\t\t<fieldset class=\"fieldset-resume_file\">\n\t\t\t\t<label for=\"resume_file\">Archivo del curr\u00edculum <small>(opcional)<\/small><\/label>\n\t\t\t\t<div class=\"field\">\n\t\t\t\t\t\n\n<div class=\"cariera-file-upload-field\">\n\t<input\n\t\ttype=\"file\"\n\t\tclass=\"input-text\"\n\t\tdata-file_types=\"jpg|jpeg|jpe|gif|png|bmp|tiff|tif|webp|avif|ico|heic|heif|heics|heifs|asf|asx|wmv|wmx|wm|avi|divx|flv|mov|qt|mpeg|mpg|mpe|mp4|m4v|ogv|webm|mkv|3gp|3gpp|3g2|3gp2|txt|asc|c|cc|h|srt|csv|tsv|ics|rtx|css|vtt|dfxp|mp3|m4a|m4b|aac|ra|ram|wav|x-wav|ogg|oga|flac|mid|midi|wma|wax|mka|rtf|pdf|class|tar|zip|gz|gzip|rar|7z|psd|xcf|doc|pot|pps|ppt|wri|xla|xls|xlt|xlw|mdb|mpp|docx|docm|dotx|dotm|xlsx|xlsm|xlsb|xltx|xltm|xlam|pptx|pptm|ppsx|ppsm|potx|potm|ppam|sldx|sldm|onetoc|onetoc2|onetmp|onepkg|oxps|xps|odt|odp|ods|odg|odc|odb|odf|wp|wpd|key|numbers|pages\"\n\t\t\t\t\t\t\t\t\t\tname=\"resume_file\"\n\t\tid=\"resume_file\"\n\t\tplaceholder=\"\"\n\t\/>\n\n\t<label class=\"upload-file\" for=\"resume_file\">\n\t\t<i class=\"las la-file-upload\"><\/i>\n\t\t<div class=\"upload-content\">Subir<\/div>\n\t<\/label>\n\n\t<div class=\"job-manager-uploaded-files\">\n\t\t\t<\/div>\n<\/div>\n\n<small class=\"description\">\n\t\t\tPuedes subir tu curr\u00edculum para que lo vean las personas empleadoras. Tama\u00f1o m\u00e1ximo del archivo: 2 GB.\t<\/small>\t\t\t\t<\/div>\n\t\t\t<\/fieldset>\n\t\t\t\t\t<fieldset class=\"fieldset-candidate_photo\">\n\t\t\t\t<label for=\"candidate_photo\">Foto <small>(opcional)<\/small><\/label>\n\t\t\t\t<div class=\"field\">\n\t\t\t\t\t\n\n<div class=\"cariera-file-upload-field\">\n\t<input\n\t\ttype=\"file\"\n\t\tclass=\"input-text\"\n\t\tdata-file_types=\"jpg|jpeg|gif|png\"\n\t\t\t\t\t\t\t\t\t\tname=\"candidate_photo\"\n\t\tid=\"candidate_photo\"\n\t\tplaceholder=\"\"\n\t\/>\n\n\t<label class=\"upload-file\" for=\"candidate_photo\">\n\t\t<i class=\"las la-file-upload\"><\/i>\n\t\t<div class=\"upload-content\">Subir<\/div>\n\t<\/label>\n\n\t<div class=\"job-manager-uploaded-files\">\n\t\t\t<\/div>\n<\/div>\n\n<small class=\"description\">\n\t\t\tMaximum file size: 2 GB.\t<\/small>\t\t\t\t<\/div>\n\t\t\t<\/fieldset>\n\t\t\t\t\t<fieldset class=\"fieldset-candidate_featured_image\">\n\t\t\t\t<label for=\"candidate_featured_image\">Cover Image <small>(opcional)<\/small><\/label>\n\t\t\t\t<div class=\"field\">\n\t\t\t\t\t\n\n<div class=\"cariera-file-upload-field\">\n\t<input\n\t\ttype=\"file\"\n\t\tclass=\"input-text\"\n\t\tdata-file_types=\"jpg|jpeg|gif|png\"\n\t\t\t\t\t\t\t\t\t\tname=\"candidate_featured_image\"\n\t\tid=\"candidate_featured_image\"\n\t\tplaceholder=\"\"\n\t\/>\n\n\t<label class=\"upload-file\" for=\"candidate_featured_image\">\n\t\t<i class=\"las la-file-upload\"><\/i>\n\t\t<div class=\"upload-content\">Subir<\/div>\n\t<\/label>\n\n\t<div class=\"job-manager-uploaded-files\">\n\t\t\t<\/div>\n<\/div>\n\n<small class=\"description\">\n\t\t\tThe cover image size should be max 1920x400px\t<\/small>\t\t\t\t<\/div>\n\t\t\t<\/fieldset>\n\t\t\n\t\t<\/div><\/div><fieldset class=\"fieldset-agreement-checkbox \">\n\t<div class=\"field full-line-checkbox-field required-field checkbox\">\n\t\t<input type=\"checkbox\" class=\"input-checkbox\" name=\"agreement-checkbox\" id=\"agreement-checkbox\"  value=\"1\"  required \/>\n\t\t<label for=\"agreement-checkbox\">Acepto los <a href=\"https:\/\/asofuer.com\/?page_id=3102\" target=\"_blank\">t\u00e9rminos y condiciones<\/a>.<\/label>\n\t\t\t<\/div>\n<\/fieldset>\n\n\t\t<div class=\"cariera-listing-submission\">\n\t\t\t<div class=\"submission-progress\"><\/div>\n\t\t\t<input type=\"hidden\" name=\"resume_manager_form\" value=\"submit-resume\" \/>\n\t\t\t<input type=\"hidden\" name=\"resume_id\" value=\"0\" \/>\n\t\t\t<input type=\"hidden\" name=\"job_id\" value=\"0\" \/>\n\t\t\t<input type=\"hidden\" name=\"step\" value=\"0\" \/>\n\t\t\t\n<div class=\"submission-flow resume-submission-flow\">\n\t<ul>\n\t\t\n\t\t<li class=\"listing-details\">Resume Details<\/li>\n\n\t\t\t\t\t<li class=\"preview-listing\">Preview Resume<\/li>\n\t\t\t\t\t\t\t\t\t<\/ul>\n<\/div>\n\t\t\t<input type=\"submit\" name=\"submit_resume\" class=\"button\" value=\"Preview Resume\" \/>\n\t\t<\/div>\n\n\t\n\t<\/form>\n\n","protected":false},"excerpt":{"rendered":"","protected":false},"author":1,"featured_media":0,"parent":0,"menu_order":0,"comment_status":"closed","ping_status":"closed","template":"templates\/user-dashboard.php","meta":{"inline_featured_image":false,"footnotes":""},"class_list":["post-118","page","type-page","status-publish","hentry"],"yoast_head":"<!-- This site is optimized with the Yoast SEO plugin v27.5 - https:\/\/yoast.com\/product\/yoast-seo-wordpress\/ -->\n<title>Enviar Curr\u00edculum - ASOFUER<\/title>\n<meta name=\"robots\" content=\"index, follow, max-snippet:-1, max-image-preview:large, max-video-preview:-1\" \/>\n<link rel=\"canonical\" href=\"https:\/\/asofuer.com\/?page_id=118\" \/>\n<meta property=\"og:locale\" content=\"es_ES\" \/>\n<meta property=\"og:type\" content=\"article\" \/>\n<meta property=\"og:title\" content=\"Enviar Curr\u00edculum - ASOFUER\" \/>\n<meta property=\"og:url\" content=\"https:\/\/asofuer.com\/?page_id=118\" \/>\n<meta property=\"og:site_name\" content=\"ASOFUER\" \/>\n<meta property=\"article:modified_time\" content=\"2023-01-09T13:26:28+00:00\" \/>\n<meta name=\"twitter:card\" content=\"summary_large_image\" \/>\n<meta name=\"twitter:label1\" content=\"Tiempo de lectura\" \/>\n\t<meta name=\"twitter:data1\" content=\"1 minuto\" \/>\n<script type=\"application\/ld+json\" class=\"yoast-schema-graph\">{\"@context\":\"https:\\\/\\\/schema.org\",\"@graph\":[{\"@type\":\"WebPage\",\"@id\":\"https:\\\/\\\/asofuer.com\\\/?page_id=118\",\"url\":\"https:\\\/\\\/asofuer.com\\\/?page_id=118\",\"name\":\"Enviar Curr\u00edculum - ASOFUER\",\"isPartOf\":{\"@id\":\"https:\\\/\\\/asofuer.com\\\/#website\"},\"datePublished\":\"2020-05-07T10:53:06+00:00\",\"dateModified\":\"2023-01-09T13:26:28+00:00\",\"breadcrumb\":{\"@id\":\"https:\\\/\\\/asofuer.com\\\/?page_id=118#breadcrumb\"},\"inLanguage\":\"es\",\"potentialAction\":[{\"@type\":\"ReadAction\",\"target\":[\"https:\\\/\\\/asofuer.com\\\/?page_id=118\"]}]},{\"@type\":\"BreadcrumbList\",\"@id\":\"https:\\\/\\\/asofuer.com\\\/?page_id=118#breadcrumb\",\"itemListElement\":[{\"@type\":\"ListItem\",\"position\":1,\"name\":\"Portada\",\"item\":\"https:\\\/\\\/asofuer.com\\\/\"},{\"@type\":\"ListItem\",\"position\":2,\"name\":\"Enviar Curr\u00edculum\"}]},{\"@type\":\"WebSite\",\"@id\":\"https:\\\/\\\/asofuer.com\\\/#website\",\"url\":\"https:\\\/\\\/asofuer.com\\\/\",\"name\":\"ASOFUER\",\"description\":\"Asociaci\u00f3n de Empresarias y Empresarios Tur\u00edsticos de Fuerteventura\",\"potentialAction\":[{\"@type\":\"SearchAction\",\"target\":{\"@type\":\"EntryPoint\",\"urlTemplate\":\"https:\\\/\\\/asofuer.com\\\/?s={search_term_string}\"},\"query-input\":{\"@type\":\"PropertyValueSpecification\",\"valueRequired\":true,\"valueName\":\"search_term_string\"}}],\"inLanguage\":\"es\"}]}<\/script>\n<!-- \/ Yoast SEO plugin. -->","yoast_head_json":{"title":"Enviar Curr\u00edculum - ASOFUER","robots":{"index":"index","follow":"follow","max-snippet":"max-snippet:-1","max-image-preview":"max-image-preview:large","max-video-preview":"max-video-preview:-1"},"canonical":"https:\/\/asofuer.com\/?page_id=118","og_locale":"es_ES","og_type":"article","og_title":"Enviar Curr\u00edculum - ASOFUER","og_url":"https:\/\/asofuer.com\/?page_id=118","og_site_name":"ASOFUER","article_modified_time":"2023-01-09T13:26:28+00:00","twitter_card":"summary_large_image","twitter_misc":{"Tiempo de lectura":"1 minuto"},"schema":{"@context":"https:\/\/schema.org","@graph":[{"@type":"WebPage","@id":"https:\/\/asofuer.com\/?page_id=118","url":"https:\/\/asofuer.com\/?page_id=118","name":"Enviar Curr\u00edculum - ASOFUER","isPartOf":{"@id":"https:\/\/asofuer.com\/#website"},"datePublished":"2020-05-07T10:53:06+00:00","dateModified":"2023-01-09T13:26:28+00:00","breadcrumb":{"@id":"https:\/\/asofuer.com\/?page_id=118#breadcrumb"},"inLanguage":"es","potentialAction":[{"@type":"ReadAction","target":["https:\/\/asofuer.com\/?page_id=118"]}]},{"@type":"BreadcrumbList","@id":"https:\/\/asofuer.com\/?page_id=118#breadcrumb","itemListElement":[{"@type":"ListItem","position":1,"name":"Portada","item":"https:\/\/asofuer.com\/"},{"@type":"ListItem","position":2,"name":"Enviar Curr\u00edculum"}]},{"@type":"WebSite","@id":"https:\/\/asofuer.com\/#website","url":"https:\/\/asofuer.com\/","name":"ASOFUER","description":"Asociaci\u00f3n de Empresarias y Empresarios Tur\u00edsticos de Fuerteventura","potentialAction":[{"@type":"SearchAction","target":{"@type":"EntryPoint","urlTemplate":"https:\/\/asofuer.com\/?s={search_term_string}"},"query-input":{"@type":"PropertyValueSpecification","valueRequired":true,"valueName":"search_term_string"}}],"inLanguage":"es"}]}},"jetpack_sharing_enabled":true,"_links":{"self":[{"href":"https:\/\/asofuer.com\/index.php?rest_route=\/wp\/v2\/pages\/118","targetHints":{"allow":["GET"]}}],"collection":[{"href":"https:\/\/asofuer.com\/index.php?rest_route=\/wp\/v2\/pages"}],"about":[{"href":"https:\/\/asofuer.com\/index.php?rest_route=\/wp\/v2\/types\/page"}],"author":[{"embeddable":true,"href":"https:\/\/asofuer.com\/index.php?rest_route=\/wp\/v2\/users\/1"}],"replies":[{"embeddable":true,"href":"https:\/\/asofuer.com\/index.php?rest_route=%2Fwp%2Fv2%2Fcomments&post=118"}],"version-history":[{"count":2,"href":"https:\/\/asofuer.com\/index.php?rest_route=\/wp\/v2\/pages\/118\/revisions"}],"predecessor-version":[{"id":6222,"href":"https:\/\/asofuer.com\/index.php?rest_route=\/wp\/v2\/pages\/118\/revisions\/6222"}],"wp:attachment":[{"href":"https:\/\/asofuer.com\/index.php?rest_route=%2Fwp%2Fv2%2Fmedia&parent=118"}],"curies":[{"name":"wp","href":"https:\/\/api.w.org\/{rel}","templated":true}]}}